{"id":7,"date":"2026-04-08T19:20:24","date_gmt":"2026-04-08T19:20:24","guid":{"rendered":"https:\/\/parangaricutiro.com\/wordpress\/?page_id=7"},"modified":"2026-04-08T19:20:35","modified_gmt":"2026-04-08T19:20:35","slug":"nuevo-san-juan-parangaricutiro-michoacan","status":"publish","type":"page","link":"https:\/\/parangaricutiro.com\/wordpress\/nuevo-san-juan-parangaricutiro-michoacan\/","title":{"rendered":"Nuevo San Juan Parangaricutiro, Michoac\u00e1n."},"content":{"rendered":"\t\t<div data-elementor-type=\"wp-page\" data-elementor-id=\"7\" class=\"elementor elementor-7\">\n\t\t\t\t<div class=\"elementor-element elementor-element-17e0c06a e-flex e-con-boxed e-con e-parent\" data-id=\"17e0c06a\" data-element_type=\"container\" data-e-type=\"container\">\n\t\t\t\t\t<div class=\"e-con-inner\">\n\t\t\t\t<div class=\"elementor-element elementor-element-1f6d9818 elementor-widget elementor-widget-text-editor\" data-id=\"1f6d9818\" data-element_type=\"widget\" data-e-type=\"widget\" data-widget_type=\"text-editor.default\">\n\t\t\t\t<div class=\"elementor-widget-container\">\n\t\t\t\t\t\t\t\t\t<div class=\"wp-block-cover alignfull is-light has-accent-1-color has-text-color has-link-color\" style=\"margin-top: 0; margin-bottom: 0; min-height: 100vh; padding: 200px var(--wp--preset--spacing--50) 200px var(--wp--preset--spacing--50);\">\n<p><img decoding=\"async\" class=\"wp-block-cover__image-background wp-image-1156  aligncenter\" src=\"https:\/\/parangaricutiro.com\/wordpress\/wp-content\/uploads\/2026\/04\/529956800_1175686264602165_7908847640208421901_n-768x1024.jpg\" alt=\"529956800 1175686264602165 7908847640208421901 n\" width=\"178\" height=\"238\" data-object-fit=\"cover\" title=\"Nuevo San Juan Parangaricutiro, Michoac\u00e1n.\" srcset=\"https:\/\/parangaricutiro.com\/wordpress\/wp-content\/uploads\/2026\/04\/529956800_1175686264602165_7908847640208421901_n-768x1024.jpg 768w, https:\/\/parangaricutiro.com\/wordpress\/wp-content\/uploads\/2026\/04\/529956800_1175686264602165_7908847640208421901_n-225x300.jpg 225w, https:\/\/parangaricutiro.com\/wordpress\/wp-content\/uploads\/2026\/04\/529956800_1175686264602165_7908847640208421901_n-9x12.jpg 9w, https:\/\/parangaricutiro.com\/wordpress\/wp-content\/uploads\/2026\/04\/529956800_1175686264602165_7908847640208421901_n.jpg 1080w\" sizes=\"(max-width: 178px) 100vw, 178px\" \/><\/p>\n<div class=\"wp-block-cover__inner-container\">\n<p><\/p>\n<div class=\"wp-block-group is-vertical is-content-justification-center is-layout-flex wp-container-core-group-is-layout-ce155fab wp-block-group-is-layout-flex\">\n<p><\/p>\n<h2 class=\"wp-block-heading has-text-align-center is-style-text-annotation\"><span style=\"color: #ffffff;\"><strong>Naturaleza viva, cultura y experiencias \u00fanicas en el coraz\u00f3n de Michoac\u00e1n<\/strong><\/span><\/h2>\n<p><\/p>\n<\/div>\n<p><\/p>\n<div class=\"wp-block-buttons is-content-justification-center is-layout-flex wp-container-core-buttons-is-layout-a89b3969 wp-block-buttons-is-layout-flex\">\n<p><\/p>\n<div class=\"wp-block-button is-style-fill\"><a class=\"wp-block-button__link has-contrast-color has-accent-1-background-color has-text-color has-background has-link-color has-border-color has-accent-1-border-color wp-element-button\">Explorar el destino<\/a><\/div>\n<p><\/p>\n<\/div>\n<p><\/p>\n<\/div>\n<\/div>\n<p><!-- \/wp:cover --><\/p>\t\t\t\t\t\t\t\t<\/div>\n\t\t\t\t<\/div>\n\t\t\t\t\t<\/div>\n\t\t\t\t<\/div>\n\t\t<div class=\"elementor-element elementor-element-821c640 e-flex e-con-boxed e-con e-parent\" data-id=\"821c640\" data-element_type=\"container\" data-e-type=\"container\">\n\t\t\t\t\t<div class=\"e-con-inner\">\n\t\t\t\t<div class=\"elementor-element elementor-element-44da958 elementor-widget elementor-widget-text-editor\" data-id=\"44da958\" data-element_type=\"widget\" data-e-type=\"widget\" data-widget_type=\"text-editor.default\">\n\t\t\t\t<div class=\"elementor-widget-container\">\n\t\t\t\t\t\t\t\t\t<p data-start=\"826\" data-end=\"942\"><strong data-start=\"826\" data-end=\"942\">\u201cUn pueblo con historia, identidad y una profunda relaci\u00f3n con el bosque que hoy se abre al turismo sostenible.\u201d<\/strong><\/p>\t\t\t\t\t\t\t\t<\/div>\n\t\t\t\t<\/div>\n\t\t\t\t\t<\/div>\n\t\t\t\t<\/div>\n\t\t\t\t<\/div>\n\t\t","protected":false},"excerpt":{"rendered":"<p>Naturaleza viva, cultura y experiencias \u00fanicas en el coraz\u00f3n de Michoac\u00e1n \u201cUn pueblo con historia, identidad y una profunda relaci\u00f3n con el bosque que hoy se abre al turismo sostenible.\u201d<\/p>\n","protected":false},"author":1,"featured_media":0,"parent":0,"menu_order":0,"comment_status":"closed","ping_status":"closed","template":"","meta":{"site-sidebar-layout":"default","site-content-layout":"","ast-site-content-layout":"default","site-content-style":"default","site-sidebar-style":"default","ast-global-header-display":"","ast-banner-title-visibility":"","ast-main-header-display":"","ast-hfb-above-header-display":"","ast-hfb-below-header-display":"","ast-hfb-mobile-header-display":"","site-post-title":"","ast-breadcrumbs-content":"","ast-featured-img":"","footer-sml-layout":"","ast-disable-related-posts":"","theme-transparent-header-meta":"","adv-header-id-meta":"","stick-header-meta":"","header-above-stick-meta":"","header-main-stick-meta":"","header-below-stick-meta":"","astra-migrate-meta-layouts":"default","ast-page-background-enabled":"default","ast-page-background-meta":{"desktop":{"background-color":"","background-image":"","background-repeat":"repeat","background-position":"center center","background-size":"auto","background-attachment":"scroll","background-type":"","background-media":"","overlay-type":"","overlay-color":"","overlay-opacity":"","overlay-gradient":""},"tablet":{"background-color":"","background-image":"","background-repeat":"repeat","background-position":"center center","background-size":"auto","background-attachment":"scroll","background-type":"","background-media":"","overlay-type":"","overlay-color":"","overlay-opacity":"","overlay-gradient":""},"mobile":{"background-color":"","background-image":"","background-repeat":"repeat","background-position":"center center","background-size":"auto","background-attachment":"scroll","background-type":"","background-media":"","overlay-type":"","overlay-color":"","overlay-opacity":"","overlay-gradient":""}},"ast-content-background-meta":{"desktop":{"background-color":"var(--ast-global-color-5)","background-image":"","background-repeat":"repeat","background-position":"center center","background-size":"auto","background-attachment":"scroll","background-type":"","background-media":"","overlay-type":"","overlay-color":"","overlay-opacity":"","overlay-gradient":""},"tablet":{"background-color":"var(--ast-global-color-5)","background-image":"","background-repeat":"repeat","background-position":"center center","background-size":"auto","background-attachment":"scroll","background-type":"","background-media":"","overlay-type":"","overlay-color":"","overlay-opacity":"","overlay-gradient":""},"mobile":{"background-color":"var(--ast-global-color-5)","background-image":"","background-repeat":"repeat","background-position":"center center","background-size":"auto","background-attachment":"scroll","background-type":"","background-media":"","overlay-type":"","overlay-color":"","overlay-opacity":"","overlay-gradient":""}},"footnotes":""},"class_list":["post-7","page","type-page","status-publish","hentry"],"_links":{"self":[{"href":"https:\/\/parangaricutiro.com\/wordpress\/wp-json\/wp\/v2\/pages\/7","targetHints":{"allow":["GET"]}}],"collection":[{"href":"https:\/\/parangaricutiro.com\/wordpress\/wp-json\/wp\/v2\/pages"}],"about":[{"href":"https:\/\/parangaricutiro.com\/wordpress\/wp-json\/wp\/v2\/types\/page"}],"author":[{"embeddable":true,"href":"https:\/\/parangaricutiro.com\/wordpress\/wp-json\/wp\/v2\/users\/1"}],"replies":[{"embeddable":true,"href":"https:\/\/parangaricutiro.com\/wordpress\/wp-json\/wp\/v2\/comments?post=7"}],"version-history":[{"count":4,"href":"https:\/\/parangaricutiro.com\/wordpress\/wp-json\/wp\/v2\/pages\/7\/revisions"}],"predecessor-version":[{"id":1161,"href":"https:\/\/parangaricutiro.com\/wordpress\/wp-json\/wp\/v2\/pages\/7\/revisions\/1161"}],"wp:attachment":[{"href":"https:\/\/parangaricutiro.com\/wordpress\/wp-json\/wp\/v2\/media?parent=7"}],"curies":[{"name":"wp","href":"https:\/\/api.w.org\/{rel}","templated":true}]}}